{"id":404,"date":"2019-09-26T09:11:48","date_gmt":"2019-09-26T07:11:48","guid":{"rendered":"http:\/\/1eem.degren.eu\/?page_id=404"},"modified":"2019-09-27T09:16:31","modified_gmt":"2019-09-27T07:16:31","slug":"confirmacion_pt","status":"publish","type":"page","link":"http:\/\/1eem.degren.eu\/index.php\/pt\/confirmacion_pt\/","title":{"rendered":"Confirmacion_pt"},"content":{"rendered":"<p>[et_pb_section fb_built=\u00bb1&#8243; _builder_version=\u00bb3.27.4&#8243; fb_built=\u00bb1&#8243; _i=\u00bb0&#8243; _address=\u00bb0&#8243;][et_pb_row _builder_version=\u00bb3.27.4&#8243; _i=\u00bb0&#8243; _address=\u00bb0.0&#8243;][et_pb_column type=\u00bb4_4&#8243; _builder_version=\u00bb3.27.4&#8243; _i=\u00bb0&#8243; _address=\u00bb0.0.0&#8243;][et_pb_image src=\u00bbhttp:\/\/1eem.degren.eu\/wp-content\/uploads\/2019\/09\/degren_logo.png\u00bb url=\u00bbhttp:\/\/1eem.degren.eu\/index.php\/pt\/1er-eem\/\u00bb align=\u00bbcenter\u00bb _builder_version=\u00bb3.27.4&#8243; _i=\u00bb0&#8243; _address=\u00bb0.0.0.0&#8243;][\/et_pb_image][\/et_pb_column][\/et_pb_row][et_pb_row _builder_version=\u00bb3.27.4&#8243; _i=\u00bb1&#8243; _address=\u00bb0.1&#8243;][et_pb_column type=\u00bb4_4&#8243; _builder_version=\u00bb3.27.4&#8243; _i=\u00bb0&#8243; _address=\u00bb0.1.0&#8243;][et_pb_text _builder_version=\u00bb3.29.3&#8243; hover_enabled=\u00bb0&#8243; _i=\u00bb0&#8243; _address=\u00bb0.1.0.0&#8243;]<\/p>\n<p style=\"text-align: center;\">Agradecemos a sua inscri\u00e7\u00e3o no I EUROACE ECODESIGN Meeting do projeto DEGREN.<\/p>\n<p style=\"text-align: center;\">Entretanto dever\u00e1 receber um email de confirma\u00e7\u00e3o.<\/p>\n<p style=\"text-align: center;\">Para qualquer quest\u00e3o ou esclarecimento: <a href=\"mailto:com@degren.eu\">com@degren.eu<\/a><\/p>\n<p style=\"text-align: center;\">\u00abPor um Design rent\u00e1vel, eficiente e sustent\u00e1vel\u00bb.<\/p>\n<p>[\/et_pb_text][\/et_pb_column][\/et_pb_row][et_pb_row _builder_version=\u00bb3.27.4&#8243; _i=\u00bb2&#8243; _address=\u00bb0.2&#8243;][et_pb_column type=\u00bb4_4&#8243; _builder_version=\u00bb3.27.4&#8243; _i=\u00bb0&#8243; _address=\u00bb0.2.0&#8243;][et_pb_button button_url=\u00bbhttp:\/\/1eem.degren.eu\/index.php\/pt\/1er-eem\/\u00bb button_text=\u00bbContinuar\u00bb button_alignment=\u00bbcenter\u00bb _builder_version=\u00bb3.27.4&#8243; _i=\u00bb0&#8243; _address=\u00bb0.2.0.0&#8243;][\/et_pb_button][\/et_pb_column][\/et_pb_row][et_pb_row _builder_version=\u00bb3.27.4&#8243; _i=\u00bb3&#8243; _address=\u00bb0.3&#8243;][et_pb_column type=\u00bb4_4&#8243; _builder_version=\u00bb3.27.4&#8243; _i=\u00bb0&#8243; _address=\u00bb0.3.0&#8243;][et_pb_image src=\u00bbhttp:\/\/1eem.degren.eu\/wp-content\/uploads\/2019\/09\/degren-logotipo.png\u00bb url=\u00bbhttp:\/\/1eem.degren.eu\/index.php\/pt\/1er-eem\/\u00bb align=\u00bbcenter\u00bb _builder_version=\u00bb3.27.4&#8243; _i=\u00bb0&#8243; _address=\u00bb0.3.0.0&#8243;][\/et_pb_image][\/et_pb_column][\/et_pb_row][\/et_pb_section]<\/p>\n","protected":false},"excerpt":{"rendered":"<p>Agradecemos a sua inscri\u00e7\u00e3o no I EUROACE ECODESIGN Meeting do projeto DEGREN. Entretanto dever\u00e1 receber um email de confirma\u00e7\u00e3o. Para qualquer quest\u00e3o ou esclarecimento: com@degren.eu \u00abPor um Design rent\u00e1vel, eficiente e sustent\u00e1vel\u00bb.<\/p>\n","protected":false},"author":1,"featured_media":0,"parent":0,"menu_order":0,"comment_status":"closed","ping_status":"closed","template":"","meta":{"_et_pb_use_builder":"on","_et_pb_old_content":"","_et_gb_content_width":"","footnotes":""},"class_list":["post-404","page","type-page","status-publish","hentry"],"_links":{"self":[{"href":"http:\/\/1eem.degren.eu\/index.php\/wp-json\/wp\/v2\/pages\/404","targetHints":{"allow":["GET"]}}],"collection":[{"href":"http:\/\/1eem.degren.eu\/index.php\/wp-json\/wp\/v2\/pages"}],"about":[{"href":"http:\/\/1eem.degren.eu\/index.php\/wp-json\/wp\/v2\/types\/page"}],"author":[{"embeddable":true,"href":"http:\/\/1eem.degren.eu\/index.php\/wp-json\/wp\/v2\/users\/1"}],"replies":[{"embeddable":true,"href":"http:\/\/1eem.degren.eu\/index.php\/wp-json\/wp\/v2\/comments?post=404"}],"version-history":[{"count":4,"href":"http:\/\/1eem.degren.eu\/index.php\/wp-json\/wp\/v2\/pages\/404\/revisions"}],"predecessor-version":[{"id":416,"href":"http:\/\/1eem.degren.eu\/index.php\/wp-json\/wp\/v2\/pages\/404\/revisions\/416"}],"wp:attachment":[{"href":"http:\/\/1eem.degren.eu\/index.php\/wp-json\/wp\/v2\/media?parent=404"}],"curies":[{"name":"wp","href":"https:\/\/api.w.org\/{rel}","templated":true}]}}