{"id":5,"date":"2019-09-23T18:10:48","date_gmt":"2019-09-23T16:10:48","guid":{"rendered":"http:\/\/1eem.degren.eu\/?page_id=5"},"modified":"2019-09-27T09:17:17","modified_gmt":"2019-09-27T07:17:17","slug":"confirmacion-es","status":"publish","type":"page","link":"http:\/\/1eem.degren.eu\/index.php\/confirmacion-es\/","title":{"rendered":"Confirmacion_es"},"content":{"rendered":"<p>[et_pb_section fb_built=\u00bb1&#8243; _builder_version=\u00bb3.27.4&#8243; fb_built=\u00bb1&#8243; _i=\u00bb0&#8243; _address=\u00bb0&#8243;][et_pb_row _builder_version=\u00bb3.27.4&#8243; _i=\u00bb0&#8243; _address=\u00bb0.0&#8243;][et_pb_column type=\u00bb4_4&#8243; _builder_version=\u00bb3.27.4&#8243; _i=\u00bb0&#8243; _address=\u00bb0.0.0&#8243;][et_pb_image src=\u00bbhttp:\/\/1eem.degren.eu\/wp-content\/uploads\/2019\/09\/degren_logo.png\u00bb url=\u00bbhttp:\/\/1eem.degren.eu\u00bb align=\u00bbcenter\u00bb _builder_version=\u00bb3.27.4&#8243; _i=\u00bb0&#8243; _address=\u00bb0.0.0.0&#8243;][\/et_pb_image][\/et_pb_column][\/et_pb_row][et_pb_row _builder_version=\u00bb3.27.4&#8243; _i=\u00bb1&#8243; _address=\u00bb0.1&#8243;][et_pb_column type=\u00bb4_4&#8243; _builder_version=\u00bb3.27.4&#8243; _i=\u00bb0&#8243; _address=\u00bb0.1.0&#8243;][et_pb_text _builder_version=\u00bb3.29.3&#8243; hover_enabled=\u00bb0&#8243; _i=\u00bb0&#8243; _address=\u00bb0.1.0.0&#8243;]<\/p>\n<p style=\"text-align: center;\">Muchas gracias por inscribirse en el 1er EUROACE ECODESIGN Meeting del proyecto DEGREN.<\/p>\n<p style=\"text-align: center;\">En su correo habr\u00e1 recibido la confirmaci\u00f3n de su inscripci\u00f3n.<\/p>\n<p style=\"text-align: center;\">Para cualquier duda o comentario: <a href=\"mailto:com@degren.eu\">com@degren.eu<\/a><\/p>\n<p style=\"text-align: center;\">\u00abPor un Dise\u00f1o rentable, eficiente y sostenible\u00bb.<\/p>\n<p>[\/et_pb_text][\/et_pb_column][\/et_pb_row][et_pb_row _builder_version=\u00bb3.27.4&#8243; _i=\u00bb2&#8243; _address=\u00bb0.2&#8243;][et_pb_column type=\u00bb4_4&#8243; _builder_version=\u00bb3.27.4&#8243; _i=\u00bb0&#8243; _address=\u00bb0.2.0&#8243;][et_pb_button button_url=\u00bbhttp:\/\/1eem.degren.eu\u00bb button_text=\u00bbContinuar\u00bb button_alignment=\u00bbcenter\u00bb _builder_version=\u00bb3.27.4&#8243; _i=\u00bb0&#8243; _address=\u00bb0.2.0.0&#8243;][\/et_pb_button][\/et_pb_column][\/et_pb_row][et_pb_row _builder_version=\u00bb3.27.4&#8243; _i=\u00bb3&#8243; _address=\u00bb0.3&#8243;][et_pb_column type=\u00bb4_4&#8243; _builder_version=\u00bb3.27.4&#8243; _i=\u00bb0&#8243; _address=\u00bb0.3.0&#8243;][et_pb_image src=\u00bbhttp:\/\/1eem.degren.eu\/wp-content\/uploads\/2019\/09\/degren-logotipo.png\u00bb url=\u00bbhttp:\/\/1eem.degren.eu\u00bb align=\u00bbcenter\u00bb _builder_version=\u00bb3.27.4&#8243; _i=\u00bb0&#8243; _address=\u00bb0.3.0.0&#8243;][\/et_pb_image][\/et_pb_column][\/et_pb_row][\/et_pb_section]<\/p>\n","protected":false},"excerpt":{"rendered":"<p>Muchas gracias por inscribirse en el 1er EUROACE ECODESIGN Meeting del proyecto DEGREN. En su correo habr\u00e1 recibido la confirmaci\u00f3n de su inscripci\u00f3n. Para cualquier duda o comentario: com@degren.eu \u00abPor un Dise\u00f1o rentable, eficiente y sostenible\u00bb.<\/p>\n","protected":false},"author":1,"featured_media":0,"parent":0,"menu_order":0,"comment_status":"closed","ping_status":"closed","template":"","meta":{"_et_pb_use_builder":"on","_et_pb_old_content":"","_et_gb_content_width":"","footnotes":""},"class_list":["post-5","page","type-page","status-publish","hentry"],"_links":{"self":[{"href":"http:\/\/1eem.degren.eu\/index.php\/wp-json\/wp\/v2\/pages\/5","targetHints":{"allow":["GET"]}}],"collection":[{"href":"http:\/\/1eem.degren.eu\/index.php\/wp-json\/wp\/v2\/pages"}],"about":[{"href":"http:\/\/1eem.degren.eu\/index.php\/wp-json\/wp\/v2\/types\/page"}],"author":[{"embeddable":true,"href":"http:\/\/1eem.degren.eu\/index.php\/wp-json\/wp\/v2\/users\/1"}],"replies":[{"embeddable":true,"href":"http:\/\/1eem.degren.eu\/index.php\/wp-json\/wp\/v2\/comments?post=5"}],"version-history":[{"count":7,"href":"http:\/\/1eem.degren.eu\/index.php\/wp-json\/wp\/v2\/pages\/5\/revisions"}],"predecessor-version":[{"id":417,"href":"http:\/\/1eem.degren.eu\/index.php\/wp-json\/wp\/v2\/pages\/5\/revisions\/417"}],"wp:attachment":[{"href":"http:\/\/1eem.degren.eu\/index.php\/wp-json\/wp\/v2\/media?parent=5"}],"curies":[{"name":"wp","href":"https:\/\/api.w.org\/{rel}","templated":true}]}}